{"id":18,"date":"2024-05-27T07:45:26","date_gmt":"2024-05-27T07:45:26","guid":{"rendered":"https:\/\/www.kentaurus-agena.com\/?page_id=18"},"modified":"2024-10-01T07:19:20","modified_gmt":"2024-10-01T07:19:20","slug":"agence-architecture-interieure-lyon","status":"publish","type":"page","link":"https:\/\/www.kentaurus-agena.com\/?page_id=18","title":{"rendered":"AGENCE"},"content":{"rendered":"\t\t<div data-elementor-type=\"wp-page\" data-elementor-id=\"18\" class=\"elementor elementor-18\">\n\t\t\t\t\t\t<section class=\"elementor-section elementor-top-section elementor-element elementor-element-0aea64e elementor-section-full_width elementor-section-height-default elementor-section-height-default\" data-id=\"0aea64e\" data-element_type=\"section\">\n\t\t\t\t\t\t<div class=\"elementor-container elementor-column-gap-default\">\n\t\t\t\t\t<div class=\"elementor-column elementor-col-100 elementor-top-column elementor-element elementor-element-204c706\" data-id=\"204c706\" data-element_type=\"column\">\n\t\t\t<div class=\"elementor-widget-wrap elementor-element-populated\">\n\t\t\t\t\t\t<div class=\"elementor-element elementor-element-ce70f50 elementor-widget elementor-widget-spacer\" data-id=\"ce70f50\" data-element_type=\"widget\" data-widget_type=\"spacer.default\">\n\t\t\t\t<div class=\"elementor-widget-container\">\n\t\t\t\t\t\t\t<div class=\"elementor-spacer\">\n\t\t\t<div class=\"elementor-spacer-inner\"><\/div>\n\t\t<\/div>\n\t\t\t\t\t\t<\/div>\n\t\t\t\t<\/div>\n\t\t\t\t\t<\/div>\n\t\t<\/div>\n\t\t\t\t\t<\/div>\n\t\t<\/section>\n\t\t\t\t<section class=\"elementor-section elementor-top-section elementor-element elementor-element-2f6b316 elementor-section-full_width elementor-hidden-mobile elementor-section-height-default elementor-section-height-default\" data-id=\"2f6b316\" data-element_type=\"section\" data-settings=\"{&quot;background_background&quot;:&quot;classic&quot;}\">\n\t\t\t\t\t\t<div class=\"elementor-container elementor-column-gap-default\">\n\t\t\t\t\t<div class=\"elementor-column elementor-col-50 elementor-top-column elementor-element elementor-element-c858792\" data-id=\"c858792\" data-element_type=\"column\">\n\t\t\t<div class=\"elementor-widget-wrap elementor-element-populated\">\n\t\t\t\t\t\t<div class=\"elementor-element elementor-element-14d586c elementor-widget elementor-widget-image\" data-id=\"14d586c\" data-element_type=\"widget\" data-widget_type=\"image.default\">\n\t\t\t\t<div class=\"elementor-widget-container\">\n\t\t\t\t\t\t\t\t\t\t\t\t\t\t\t<img fetchpriority=\"high\" decoding=\"async\" width=\"1091\" height=\"1600\" src=\"https:\/\/www.kentaurus-agena.com\/wp-content\/uploads\/2024\/09\/PHOTO-2024-09-23-14-48-37.jpg\" class=\"attachment-full size-full wp-image-3215\" alt=\"\" srcset=\"https:\/\/www.kentaurus-agena.com\/wp-content\/uploads\/2024\/09\/PHOTO-2024-09-23-14-48-37.jpg 1091w, https:\/\/www.kentaurus-agena.com\/wp-content\/uploads\/2024\/09\/PHOTO-2024-09-23-14-48-37-205x300.jpg 205w, https:\/\/www.kentaurus-agena.com\/wp-content\/uploads\/2024\/09\/PHOTO-2024-09-23-14-48-37-698x1024.jpg 698w, https:\/\/www.kentaurus-agena.com\/wp-content\/uploads\/2024\/09\/PHOTO-2024-09-23-14-48-37-768x1126.jpg 768w, https:\/\/www.kentaurus-agena.com\/wp-content\/uploads\/2024\/09\/PHOTO-2024-09-23-14-48-37-1047x1536.jpg 1047w\" sizes=\"(max-width: 1091px) 100vw, 1091px\" \/>\t\t\t\t\t\t\t\t\t\t\t\t\t\t\t<\/div>\n\t\t\t\t<\/div>\n\t\t\t\t\t<\/div>\n\t\t<\/div>\n\t\t\t\t<div class=\"elementor-column elementor-col-50 elementor-top-column elementor-element elementor-element-29b19be\" data-id=\"29b19be\" data-element_type=\"column\">\n\t\t\t<div class=\"elementor-widget-wrap elementor-element-populated\">\n\t\t\t\t\t\t<div class=\"elementor-element elementor-element-ffc2bdb elementor-widget elementor-widget-spacer\" data-id=\"ffc2bdb\" data-element_type=\"widget\" data-widget_type=\"spacer.default\">\n\t\t\t\t<div class=\"elementor-widget-container\">\n\t\t\t\t\t\t\t<div class=\"elementor-spacer\">\n\t\t\t<div class=\"elementor-spacer-inner\"><\/div>\n\t\t<\/div>\n\t\t\t\t\t\t<\/div>\n\t\t\t\t<\/div>\n\t\t\t\t<div class=\"elementor-element elementor-element-c25de46 elementor-widget elementor-widget-heading\" data-id=\"c25de46\" data-element_type=\"widget\" data-widget_type=\"heading.default\">\n\t\t\t\t<div class=\"elementor-widget-container\">\n\t\t\t\t\t<h2 class=\"elementor-heading-title elementor-size-default\">Selima E. Zanetti Colleoni<\/h2>\t\t\t\t<\/div>\n\t\t\t\t<\/div>\n\t\t\t\t<div class=\"elementor-element elementor-element-3f051ff elementor-widget elementor-widget-heading\" data-id=\"3f051ff\" data-element_type=\"widget\" data-widget_type=\"heading.default\">\n\t\t\t\t<div class=\"elementor-widget-container\">\n\t\t\t\t\t<h1 class=\"elementor-heading-title elementor-size-default\">CEO &amp; Architecte d'int\u00e9rieur<\/h1>\t\t\t\t<\/div>\n\t\t\t\t<\/div>\n\t\t\t\t<div class=\"elementor-element elementor-element-92992c6 elementor-widget elementor-widget-text-editor\" data-id=\"92992c6\" data-element_type=\"widget\" data-widget_type=\"text-editor.default\">\n\t\t\t\t<div class=\"elementor-widget-container\">\n\t\t\t\t\t\t\t\t\t<p>Dipl\u00f4m\u00e9e de l&rsquo;\u00e9cole des Beaux-Arts et anim\u00e9e par une soif insatiable d&rsquo;apprendre, j&rsquo;ai cumul\u00e9 les exp\u00e9riences et enrichi mon savoir-faire \u00e0 travers mes voyages, mes rencontres et mes diverses origines.<\/p><p>C&rsquo;est de ce parcours qu&rsquo;est n\u00e9e Kentaurus &amp; Agena I IDA Store, une agence d&rsquo;architecture int\u00e9rieure o\u00f9 la passion pour l&rsquo;esth\u00e9tique se conjugue avec une expertise technique hors pair et une attention particuli\u00e8re \u00e0 l&rsquo;humain.<\/p><p>Que vous souhaitiez r\u00e9nover votre leu de vie ou vos espaces de travail, notre \u00e9quipe vous accompagne dans la cr\u00e9ation d&rsquo;un environnement qui vous ressemble. Attentifs \u00e0 vos besoins et vos envies, nous concevons des projets sur-mesure, en s\u00e9lectionnant des mat\u00e9riaux nobles s&rsquo;inspirant des derni\u00e8res tendances du design.<\/p><p>Chaque projet est une occasion de repousser les limites de la cr\u00e9ativit\u00e9 et de proposer des solutions innovantes qui vous \u00e9tonneront. Notre style \u00e0 la fois raffin\u00e9 et audacieux saura insuffler une nouvelle vie \u00e0 vos int\u00e9rieurs et ext\u00e9rieurs.<\/p><p>Vous souhaitez donner vie \u00e0 vos r\u00eaves d&rsquo;am\u00e9nagement ? N&rsquo;h\u00e9sitez pas \u00e0 nous contacter, nous serons ravis de vous rencontrer et de discuter de votre projet.<\/p><p><b>\u00ab\u00a0Design your life is our essence\u00a0\u00bb by SZC<\/b><\/p>\t\t\t\t\t\t\t\t<\/div>\n\t\t\t\t<\/div>\n\t\t\t\t\t<\/div>\n\t\t<\/div>\n\t\t\t\t\t<\/div>\n\t\t<\/section>\n\t\t\t\t<section class=\"elementor-section elementor-top-section elementor-element elementor-element-a507805 elementor-section-full_width elementor-hidden-desktop elementor-hidden-tablet elementor-section-height-default elementor-section-height-default\" data-id=\"a507805\" data-element_type=\"section\" data-settings=\"{&quot;background_background&quot;:&quot;classic&quot;}\">\n\t\t\t\t\t\t<div class=\"elementor-container elementor-column-gap-default\">\n\t\t\t\t\t<div class=\"elementor-column elementor-col-50 elementor-top-column elementor-element elementor-element-c15e7e4\" data-id=\"c15e7e4\" data-element_type=\"column\">\n\t\t\t<div class=\"elementor-widget-wrap elementor-element-populated\">\n\t\t\t\t\t\t<div class=\"elementor-element elementor-element-1977b8a elementor-widget elementor-widget-image\" data-id=\"1977b8a\" data-element_type=\"widget\" data-widget_type=\"image.default\">\n\t\t\t\t<div class=\"elementor-widget-container\">\n\t\t\t\t\t\t\t\t\t\t\t\t\t\t\t<img decoding=\"async\" width=\"420\" height=\"595\" src=\"https:\/\/www.kentaurus-agena.com\/wp-content\/uploads\/2024\/09\/SELIMA-ROND-2.png\" class=\"attachment-full size-full wp-image-3211\" alt=\"\" srcset=\"https:\/\/www.kentaurus-agena.com\/wp-content\/uploads\/2024\/09\/SELIMA-ROND-2.png 420w, https:\/\/www.kentaurus-agena.com\/wp-content\/uploads\/2024\/09\/SELIMA-ROND-2-212x300.png 212w\" sizes=\"(max-width: 420px) 100vw, 420px\" \/>\t\t\t\t\t\t\t\t\t\t\t\t\t\t\t<\/div>\n\t\t\t\t<\/div>\n\t\t\t\t\t<\/div>\n\t\t<\/div>\n\t\t\t\t<div class=\"elementor-column elementor-col-50 elementor-top-column elementor-element elementor-element-5bd0e5c\" data-id=\"5bd0e5c\" data-element_type=\"column\">\n\t\t\t<div class=\"elementor-widget-wrap elementor-element-populated\">\n\t\t\t\t\t\t<div class=\"elementor-element elementor-element-ab02533 elementor-widget elementor-widget-heading\" data-id=\"ab02533\" data-element_type=\"widget\" data-widget_type=\"heading.default\">\n\t\t\t\t<div class=\"elementor-widget-container\">\n\t\t\t\t\t<h2 class=\"elementor-heading-title elementor-size-default\">S\u00e9lima E. Zanetti-Colleoni<\/h2>\t\t\t\t<\/div>\n\t\t\t\t<\/div>\n\t\t\t\t<div class=\"elementor-element elementor-element-46caff6 elementor-widget elementor-widget-heading\" data-id=\"46caff6\" data-element_type=\"widget\" data-widget_type=\"heading.default\">\n\t\t\t\t<div class=\"elementor-widget-container\">\n\t\t\t\t\t<h2 class=\"elementor-heading-title elementor-size-default\">Architecte d'int\u00e9rieur<\/h2>\t\t\t\t<\/div>\n\t\t\t\t<\/div>\n\t\t\t\t<div class=\"elementor-element elementor-element-de7bbf3 elementor-widget elementor-widget-text-editor\" data-id=\"de7bbf3\" data-element_type=\"widget\" data-widget_type=\"text-editor.default\">\n\t\t\t\t<div class=\"elementor-widget-container\">\n\t\t\t\t\t\t\t\t\t<p>Dipl\u00f4m\u00e9e de l&rsquo;\u00e9cole des Beaux-Arts et anim\u00e9e par une soif insatiable d&rsquo;apprendre, j&rsquo;ai cumul\u00e9 les exp\u00e9riences et enrichi mon savoir-faire \u00e0 travers mes voyages, mes rencontres et mes diverses origines.<\/p><p>C&rsquo;est de ce parcours qu&rsquo;est n\u00e9e Kentaurus&amp;Agena I IDA Store, une agence d&rsquo;architecture int\u00e9rieure o\u00f9 la passion pour l&rsquo;esth\u00e9tique se conjugue avec une expertise technique hors pair et une attention particuli\u00e8re \u00e0 l&rsquo;humain.<\/p><p>Que vous souhaitiez r\u00e9nover votre leu de vie ou vos espaces de travail, notre \u00e9quipe vous accompagne dans la cr\u00e9ation d&rsquo;un environnement qui vous ressemble. Attentifs \u00e0 vos besoins et vos envies, nous concevons des projets sur-mesure, en s\u00e9lectionnant des mat\u00e9riaux nobles s&rsquo;inspirant des derni\u00e8res tendances du design.<\/p><p>Chaque projet est une occasion de repousser les limites de la cr\u00e9ativit\u00e9 et de proposer des solutions innovantes qui vous \u00e9tonneront. Notre style \u00e0 la fois raffin\u00e9 et audacieux saura insuffler une nouvelle vie \u00e0 vos int\u00e9rieurs et ext\u00e9rieurs.<\/p><p>Vous souhaitez donner vie \u00e0 vos r\u00eaves d&rsquo;am\u00e9nagement ? N&rsquo;h\u00e9sitez pas \u00e0 nous contacter, nous serons ravis de vous rencontrer et de discuter de votre projet.<\/p><p><b>\u00ab\u00a0Design your life is our essence\u00a0\u00bb by SZC<\/b><\/p>\t\t\t\t\t\t\t\t<\/div>\n\t\t\t\t<\/div>\n\t\t\t\t\t<\/div>\n\t\t<\/div>\n\t\t\t\t\t<\/div>\n\t\t<\/section>\n\t\t\t\t<section class=\"elementor-section elementor-top-section elementor-element elementor-element-0007c52 elementor-section-full_width elementor-section-height-default elementor-section-height-default\" data-id=\"0007c52\" data-element_type=\"section\">\n\t\t\t\t\t\t<div class=\"elementor-container elementor-column-gap-default\">\n\t\t\t\t\t<div class=\"elementor-column elementor-col-100 elementor-top-column elementor-element elementor-element-d4754f4\" data-id=\"d4754f4\" data-element_type=\"column\">\n\t\t\t<div class=\"elementor-widget-wrap elementor-element-populated\">\n\t\t\t\t\t\t<div class=\"elementor-element elementor-element-f7c8db4 elementor-align-right elementor-widget elementor-widget-button\" data-id=\"f7c8db4\" data-element_type=\"widget\" data-widget_type=\"button.default\">\n\t\t\t\t<div class=\"elementor-widget-container\">\n\t\t\t\t\t\t\t\t\t<div class=\"elementor-button-wrapper\">\n\t\t\t\t\t<a class=\"elementor-button elementor-button-link elementor-size-sm elementor-animation-grow\" href=\"https:\/\/www.kentaurus-agena.com\/?page_id=28\">\n\t\t\t\t\t\t<span class=\"elementor-button-content-wrapper\">\n\t\t\t\t\t\t<span class=\"elementor-button-icon\">\n\t\t\t\t<svg aria-hidden=\"true\" class=\"e-font-icon-svg e-far-dot-circle\" viewBox=\"0 0 512 512\" xmlns=\"http:\/\/www.w3.org\/2000\/svg\"><path d=\"M256 56c110.532 0 200 89.451 200 200 0 110.532-89.451 200-200 200-110.532 0-200-89.451-200-200 0-110.532 89.451-200 200-200m0-48C119.033 8 8 119.033 8 256s111.033 248 248 248 248-111.033 248-248S392.967 8 256 8zm0 168c-44.183 0-80 35.817-80 80s35.817 80 80 80 80-35.817 80-80-35.817-80-80-80z\"><\/path><\/svg>\t\t\t<\/span>\n\t\t\t\t\t\t\t\t\t<span class=\"elementor-button-text\">Nous contactez<\/span>\n\t\t\t\t\t<\/span>\n\t\t\t\t\t<\/a>\n\t\t\t\t<\/div>\n\t\t\t\t\t\t\t\t<\/div>\n\t\t\t\t<\/div>\n\t\t\t\t\t<\/div>\n\t\t<\/div>\n\t\t\t\t\t<\/div>\n\t\t<\/section>\n\t\t\t\t<\/div>\n\t\t","protected":false},"excerpt":{"rendered":"<p>Selima E. Zanetti Colleoni CEO &amp; Architecte d&rsquo;int\u00e9rieur Dipl\u00f4m\u00e9e de l&rsquo;\u00e9cole des Beaux-Arts et anim\u00e9e par une soif insatiable d&rsquo;apprendre, j&rsquo;ai cumul\u00e9 les exp\u00e9riences et enrichi mon savoir-faire \u00e0 travers mes voyages, mes rencontres et mes diverses origines. C&rsquo;est de ce parcours qu&rsquo;est n\u00e9e Kentaurus &amp; Agena I IDA Store, une agence d&rsquo;architecture int\u00e9rieure o\u00f9 [&hellip;]<\/p>\n","protected":false},"author":1,"featured_media":0,"parent":0,"menu_order":0,"comment_status":"closed","ping_status":"closed","template":"","meta":{"footnotes":""},"class_list":["post-18","page","type-page","status-publish","hentry","entry"],"yoast_head":"<!-- This site is optimized with the Yoast SEO plugin v26.7 - https:\/\/yoast.com\/wordpress\/plugins\/seo\/ -->\n<title>Agence d&#039;architecture int\u00e9rieure \u00e0 Lyon<\/title>\n<meta name=\"description\" content=\"Kentaurus&amp;Agena accompagne vos projets d&#039;am\u00e9nagement \u00e0 Lyon, de la conception \u00e0 la r\u00e9alisation. Design d&#039;int\u00e9rieur et d&#039;ext\u00e9rieur sur mesure.\" \/>\n<meta name=\"robots\" content=\"index, follow, max-snippet:-1, max-image-preview:large, max-video-preview:-1\" \/>\n<link rel=\"canonical\" href=\"https:\/\/www.kentaurus-agena.com\/?page_id=18\" \/>\n<meta property=\"og:locale\" content=\"fr_FR\" \/>\n<meta property=\"og:type\" content=\"article\" \/>\n<meta property=\"og:title\" content=\"Agence d&#039;architecture int\u00e9rieure \u00e0 Lyon\" \/>\n<meta property=\"og:description\" content=\"Kentaurus&amp;Agena accompagne vos projets d&#039;am\u00e9nagement \u00e0 Lyon, de la conception \u00e0 la r\u00e9alisation. Design d&#039;int\u00e9rieur et d&#039;ext\u00e9rieur sur mesure.\" \/>\n<meta property=\"og:url\" content=\"https:\/\/www.kentaurus-agena.com\/?page_id=18\" \/>\n<meta property=\"og:site_name\" content=\"Kentaurus &amp; Agena\" \/>\n<meta property=\"article:modified_time\" content=\"2024-10-01T07:19:20+00:00\" \/>\n<meta property=\"og:image\" content=\"https:\/\/www.kentaurus-agena.com\/wp-content\/uploads\/2024\/09\/PHOTO-2024-09-23-14-48-37.jpg\" \/>\n<meta name=\"twitter:card\" content=\"summary_large_image\" \/>\n<meta name=\"twitter:label1\" content=\"Dur\u00e9e de lecture estim\u00e9e\" \/>\n\t<meta name=\"twitter:data1\" content=\"3 minutes\" \/>\n<script type=\"application\/ld+json\" class=\"yoast-schema-graph\">{\"@context\":\"https:\/\/schema.org\",\"@graph\":[{\"@type\":\"WebPage\",\"@id\":\"https:\/\/www.kentaurus-agena.com\/?page_id=18\",\"url\":\"https:\/\/www.kentaurus-agena.com\/?page_id=18\",\"name\":\"Agence d'architecture int\u00e9rieure \u00e0 Lyon\",\"isPartOf\":{\"@id\":\"https:\/\/www.kentaurus-agena.com\/#website\"},\"primaryImageOfPage\":{\"@id\":\"https:\/\/www.kentaurus-agena.com\/?page_id=18#primaryimage\"},\"image\":{\"@id\":\"https:\/\/www.kentaurus-agena.com\/?page_id=18#primaryimage\"},\"thumbnailUrl\":\"https:\/\/www.kentaurus-agena.com\/wp-content\/uploads\/2024\/09\/PHOTO-2024-09-23-14-48-37.jpg\",\"datePublished\":\"2024-05-27T07:45:26+00:00\",\"dateModified\":\"2024-10-01T07:19:20+00:00\",\"description\":\"Kentaurus&Agena accompagne vos projets d'am\u00e9nagement \u00e0 Lyon, de la conception \u00e0 la r\u00e9alisation. Design d'int\u00e9rieur et d'ext\u00e9rieur sur mesure.\",\"breadcrumb\":{\"@id\":\"https:\/\/www.kentaurus-agena.com\/?page_id=18#breadcrumb\"},\"inLanguage\":\"fr-FR\",\"potentialAction\":[{\"@type\":\"ReadAction\",\"target\":[\"https:\/\/www.kentaurus-agena.com\/?page_id=18\"]}]},{\"@type\":\"ImageObject\",\"inLanguage\":\"fr-FR\",\"@id\":\"https:\/\/www.kentaurus-agena.com\/?page_id=18#primaryimage\",\"url\":\"https:\/\/www.kentaurus-agena.com\/wp-content\/uploads\/2024\/09\/PHOTO-2024-09-23-14-48-37.jpg\",\"contentUrl\":\"https:\/\/www.kentaurus-agena.com\/wp-content\/uploads\/2024\/09\/PHOTO-2024-09-23-14-48-37.jpg\",\"width\":1091,\"height\":1600},{\"@type\":\"BreadcrumbList\",\"@id\":\"https:\/\/www.kentaurus-agena.com\/?page_id=18#breadcrumb\",\"itemListElement\":[{\"@type\":\"ListItem\",\"position\":1,\"name\":\"Accueil\",\"item\":\"https:\/\/www.kentaurus-agena.com\/\"},{\"@type\":\"ListItem\",\"position\":2,\"name\":\"AGENCE\"}]},{\"@type\":\"WebSite\",\"@id\":\"https:\/\/www.kentaurus-agena.com\/#website\",\"url\":\"https:\/\/www.kentaurus-agena.com\/\",\"name\":\"Kentaurus &amp; Agena\",\"description\":\"\",\"potentialAction\":[{\"@type\":\"SearchAction\",\"target\":{\"@type\":\"EntryPoint\",\"urlTemplate\":\"https:\/\/www.kentaurus-agena.com\/?s={search_term_string}\"},\"query-input\":{\"@type\":\"PropertyValueSpecification\",\"valueRequired\":true,\"valueName\":\"search_term_string\"}}],\"inLanguage\":\"fr-FR\"}]}<\/script>\n<!-- \/ Yoast SEO plugin. -->","yoast_head_json":{"title":"Agence d'architecture int\u00e9rieure \u00e0 Lyon","description":"Kentaurus&Agena accompagne vos projets d'am\u00e9nagement \u00e0 Lyon, de la conception \u00e0 la r\u00e9alisation. Design d'int\u00e9rieur et d'ext\u00e9rieur sur mesure.","robots":{"index":"index","follow":"follow","max-snippet":"max-snippet:-1","max-image-preview":"max-image-preview:large","max-video-preview":"max-video-preview:-1"},"canonical":"https:\/\/www.kentaurus-agena.com\/?page_id=18","og_locale":"fr_FR","og_type":"article","og_title":"Agence d'architecture int\u00e9rieure \u00e0 Lyon","og_description":"Kentaurus&Agena accompagne vos projets d'am\u00e9nagement \u00e0 Lyon, de la conception \u00e0 la r\u00e9alisation. Design d'int\u00e9rieur et d'ext\u00e9rieur sur mesure.","og_url":"https:\/\/www.kentaurus-agena.com\/?page_id=18","og_site_name":"Kentaurus &amp; Agena","article_modified_time":"2024-10-01T07:19:20+00:00","og_image":[{"url":"https:\/\/www.kentaurus-agena.com\/wp-content\/uploads\/2024\/09\/PHOTO-2024-09-23-14-48-37.jpg","type":"","width":"","height":""}],"twitter_card":"summary_large_image","twitter_misc":{"Dur\u00e9e de lecture estim\u00e9e":"3 minutes"},"schema":{"@context":"https:\/\/schema.org","@graph":[{"@type":"WebPage","@id":"https:\/\/www.kentaurus-agena.com\/?page_id=18","url":"https:\/\/www.kentaurus-agena.com\/?page_id=18","name":"Agence d'architecture int\u00e9rieure \u00e0 Lyon","isPartOf":{"@id":"https:\/\/www.kentaurus-agena.com\/#website"},"primaryImageOfPage":{"@id":"https:\/\/www.kentaurus-agena.com\/?page_id=18#primaryimage"},"image":{"@id":"https:\/\/www.kentaurus-agena.com\/?page_id=18#primaryimage"},"thumbnailUrl":"https:\/\/www.kentaurus-agena.com\/wp-content\/uploads\/2024\/09\/PHOTO-2024-09-23-14-48-37.jpg","datePublished":"2024-05-27T07:45:26+00:00","dateModified":"2024-10-01T07:19:20+00:00","description":"Kentaurus&Agena accompagne vos projets d'am\u00e9nagement \u00e0 Lyon, de la conception \u00e0 la r\u00e9alisation. Design d'int\u00e9rieur et d'ext\u00e9rieur sur mesure.","breadcrumb":{"@id":"https:\/\/www.kentaurus-agena.com\/?page_id=18#breadcrumb"},"inLanguage":"fr-FR","potentialAction":[{"@type":"ReadAction","target":["https:\/\/www.kentaurus-agena.com\/?page_id=18"]}]},{"@type":"ImageObject","inLanguage":"fr-FR","@id":"https:\/\/www.kentaurus-agena.com\/?page_id=18#primaryimage","url":"https:\/\/www.kentaurus-agena.com\/wp-content\/uploads\/2024\/09\/PHOTO-2024-09-23-14-48-37.jpg","contentUrl":"https:\/\/www.kentaurus-agena.com\/wp-content\/uploads\/2024\/09\/PHOTO-2024-09-23-14-48-37.jpg","width":1091,"height":1600},{"@type":"BreadcrumbList","@id":"https:\/\/www.kentaurus-agena.com\/?page_id=18#breadcrumb","itemListElement":[{"@type":"ListItem","position":1,"name":"Accueil","item":"https:\/\/www.kentaurus-agena.com\/"},{"@type":"ListItem","position":2,"name":"AGENCE"}]},{"@type":"WebSite","@id":"https:\/\/www.kentaurus-agena.com\/#website","url":"https:\/\/www.kentaurus-agena.com\/","name":"Kentaurus &amp; Agena","description":"","potentialAction":[{"@type":"SearchAction","target":{"@type":"EntryPoint","urlTemplate":"https:\/\/www.kentaurus-agena.com\/?s={search_term_string}"},"query-input":{"@type":"PropertyValueSpecification","valueRequired":true,"valueName":"search_term_string"}}],"inLanguage":"fr-FR"}]}},"_links":{"self":[{"href":"https:\/\/www.kentaurus-agena.com\/index.php?rest_route=\/wp\/v2\/pages\/18","targetHints":{"allow":["GET"]}}],"collection":[{"href":"https:\/\/www.kentaurus-agena.com\/index.php?rest_route=\/wp\/v2\/pages"}],"about":[{"href":"https:\/\/www.kentaurus-agena.com\/index.php?rest_route=\/wp\/v2\/types\/page"}],"author":[{"embeddable":true,"href":"https:\/\/www.kentaurus-agena.com\/index.php?rest_route=\/wp\/v2\/users\/1"}],"replies":[{"embeddable":true,"href":"https:\/\/www.kentaurus-agena.com\/index.php?rest_route=%2Fwp%2Fv2%2Fcomments&post=18"}],"version-history":[{"count":97,"href":"https:\/\/www.kentaurus-agena.com\/index.php?rest_route=\/wp\/v2\/pages\/18\/revisions"}],"predecessor-version":[{"id":3228,"href":"https:\/\/www.kentaurus-agena.com\/index.php?rest_route=\/wp\/v2\/pages\/18\/revisions\/3228"}],"wp:attachment":[{"href":"https:\/\/www.kentaurus-agena.com\/index.php?rest_route=%2Fwp%2Fv2%2Fmedia&parent=18"}],"curies":[{"name":"wp","href":"https:\/\/api.w.org\/{rel}","templated":true}]}}